{"id":6991,"date":"2025-01-14T17:23:33","date_gmt":"2025-01-14T16:23:33","guid":{"rendered":"https:\/\/majrack.com\/?page_id=6991"},"modified":"2026-03-31T23:11:24","modified_gmt":"2026-03-31T21:11:24","slug":"sound-design-et-musique","status":"publish","type":"page","link":"https:\/\/majrack.com\/index.php\/sound-design-et-musique\/","title":{"rendered":"Cr\u00e9ation musicale"},"content":{"rendered":"\n<div class=\"wp-block-cover is-light\"><img loading=\"lazy\" decoding=\"async\" width=\"1200\" height=\"900\" class=\"wp-block-cover__image-background wp-image-6972\" alt=\"\" src=\"https:\/\/majrack.com\/wp-content\/uploads\/2025\/01\/cover-r4x3w1200-57e1757290546-electrosound.jpg\" data-object-fit=\"cover\" srcset=\"https:\/\/majrack.com\/wp-content\/uploads\/2025\/01\/cover-r4x3w1200-57e1757290546-electrosound.jpg 1200w, https:\/\/majrack.com\/wp-content\/uploads\/2025\/01\/cover-r4x3w1200-57e1757290546-electrosound-300x225.jpg 300w, https:\/\/majrack.com\/wp-content\/uploads\/2025\/01\/cover-r4x3w1200-57e1757290546-electrosound-1024x768.jpg 1024w\" sizes=\"auto, (max-width: 1200px) 100vw, 1200px\" \/><span aria-hidden=\"true\" class=\"wp-block-cover__background has-background-dim\" style=\"background-color:#959595\"><\/span><div class=\"wp-block-cover__inner-container has-global-padding is-layout-constrained wp-block-cover-is-layout-constrained\">\n<p class=\"has-text-align-left has-background-color has-text-color has-link-color has-large-font-size wp-elements-755c78f4488b1d991ea27da8a1955668\">Cr\u00e9ation musicale, sound design.<\/p>\n<\/div><\/div>\n\n\n\n<div style=\"height:51px\" aria-hidden=\"true\" class=\"wp-block-spacer\"><\/div>\n\n\n\n<div class=\"wp-block-group is-nowrap is-layout-flex wp-container-core-group-is-layout-6c531013 wp-block-group-is-layout-flex\">\n<div class=\"wp-block-media-text has-media-on-the-right is-stacked-on-mobile\" style=\"grid-template-columns:auto 41%\"><div class=\"wp-block-media-text__content\">\n<p class=\"has-text-align-left has-large-font-size\"><strong>Sound Design et musique<\/strong><\/p>\n\n\n\n<p>Le sound design et le montage sonore peuvent parfois suffire \u00e0 apporter la touche manquante \u00e0 votre production vid\u00e9o. En cr\u00e9ant une ambiance sonore, des bruitages et des effets audio ou une musique originale, on peut donner vie \u00e0 une image, cr\u00e9er une atmosph\u00e8re et guider l&rsquo;audience.<\/p>\n<\/div><figure class=\"wp-block-media-text__media\"><img loading=\"lazy\" decoding=\"async\" width=\"780\" height=\"505\" src=\"https:\/\/majrack.com\/wp-content\/uploads\/2025\/01\/image_3_30.png\" alt=\"\" class=\"wp-image-7005 size-full\" srcset=\"https:\/\/majrack.com\/wp-content\/uploads\/2025\/01\/image_3_30.png 780w, https:\/\/majrack.com\/wp-content\/uploads\/2025\/01\/image_3_30-300x194.png 300w\" sizes=\"auto, (max-width: 780px) 100vw, 780px\" \/><\/figure><\/div>\n<\/div>\n\n\n\n<div style=\"height:22px\" aria-hidden=\"true\" class=\"wp-block-spacer\"><\/div>\n\n\n\n<h2 class=\"wp-block-heading\">Exemples audio :<\/h2>\n\n\n\n<p><em>Mont\u00e9e de suspens, ambiance inqui\u00e9tante.<\/em><\/p>\n\n\n\n<figure class=\"wp-block-audio\"><audio controls src=\"https:\/\/majrack.com\/wp-content\/uploads\/2025\/01\/Ominous-Night-Pattern-1-120.wav\"><\/audio><\/figure>\n\n\n\n<p><em>Dub, chill<\/em> &amp; vocals.<\/p>\n\n\n\n<figure class=\"wp-block-audio\"><audio controls src=\"https:\/\/majrack.com\/wp-content\/uploads\/2025\/01\/dub_ax.mp3\"><\/audio><\/figure>\n\n\n\n<p><em>Boom Bap, soul chic<\/em>.<\/p>\n\n\n\n<figure class=\"wp-block-audio\"><audio controls src=\"https:\/\/majrack.com\/wp-content\/uploads\/2025\/01\/95_oh_my_man.wav\"><\/audio><\/figure>\n\n\n\n<p>Vous souhaitez apporter une dimension suppl\u00e9mentaire \u00e0 votre vid\u00e9o, cr\u00e9ons ensemble la bande son !<\/p>\n\n\n\n<p>C&rsquo;est \u00e0 l&rsquo;aide de nombreux plugs-in de MAO que je confectionne des ambiances sonores, des morceaux originaux et des effets audio pour cr\u00e9er des sons sur mesure.<\/p>\n\n\n\n<div class=\"wp-block-buttons is-layout-flex wp-block-buttons-is-layout-flex\">\n<div class=\"wp-block-button\"><a class=\"wp-block-button__link wp-element-button\" href=\"https:\/\/majrack.com\/index.php\/patterns\/\">Contact<\/a><\/div>\n<\/div>\n","protected":false},"excerpt":{"rendered":"<p>Sound Design et musique Le sound design et le montage sonore peuvent parfois suffire \u00e0 apporter la touche manquante \u00e0 votre production vid\u00e9o. En cr\u00e9ant une ambiance sonore, des bruitages et des effets audio ou une musique originale, on peut donner vie \u00e0 une image, cr\u00e9er une atmosph\u00e8re et guider l&rsquo;audience. Exemples audio : Mont\u00e9e &hellip; <\/p>\n<p class=\"link-more\"><a href=\"https:\/\/majrack.com\/index.php\/sound-design-et-musique\/\" class=\"more-link\">Lire la suite de<span class=\"screen-reader-text\">\u00ab\u00a0Cr\u00e9ation musicale\u00a0\u00bb<\/span><\/a><\/p>\n","protected":false},"author":1,"featured_media":0,"parent":0,"menu_order":0,"comment_status":"closed","ping_status":"closed","template":"","meta":{"inspiro_hide_title":false,"footnotes":""},"class_list":["post-6991","page","type-page","status-publish","hentry"],"aioseo_notices":[],"featured_media_urls":[],"_links":{"self":[{"href":"https:\/\/majrack.com\/index.php\/wp-json\/wp\/v2\/pages\/6991","targetHints":{"allow":["GET"]}}],"collection":[{"href":"https:\/\/majrack.com\/index.php\/wp-json\/wp\/v2\/pages"}],"about":[{"href":"https:\/\/majrack.com\/index.php\/wp-json\/wp\/v2\/types\/page"}],"author":[{"embeddable":true,"href":"https:\/\/majrack.com\/index.php\/wp-json\/wp\/v2\/users\/1"}],"replies":[{"embeddable":true,"href":"https:\/\/majrack.com\/index.php\/wp-json\/wp\/v2\/comments?post=6991"}],"version-history":[{"count":10,"href":"https:\/\/majrack.com\/index.php\/wp-json\/wp\/v2\/pages\/6991\/revisions"}],"predecessor-version":[{"id":7280,"href":"https:\/\/majrack.com\/index.php\/wp-json\/wp\/v2\/pages\/6991\/revisions\/7280"}],"wp:attachment":[{"href":"https:\/\/majrack.com\/index.php\/wp-json\/wp\/v2\/media?parent=6991"}],"curies":[{"name":"wp","href":"https:\/\/api.w.org\/{rel}","templated":true}]}}